{"id":274,"date":"2023-09-27T10:54:19","date_gmt":"2023-09-27T10:54:19","guid":{"rendered":"https:\/\/drivexplore.travel\/?post_type=product&#038;p=274"},"modified":"2026-04-30T10:19:30","modified_gmt":"2026-04-30T09:19:30","slug":"alentejo-tides-trails","status":"publish","type":"product","link":"https:\/\/drivexplore.travel\/en\/product\/alentejo-tides-trails\/","title":{"rendered":"Alentejo Tides &amp; Trails"},"content":{"rendered":"<p>Um tour imersivo no melhor que Portugal tem para oferecer, conjugando o charme da oferta genu\u00edna de cada regi\u00e3o com o alto padr\u00e3o de conforto e sofistica\u00e7\u00e3o. Uma viagem que cruza tradi\u00e7\u00e3o, hist\u00f3ria, requinte e aventura, sempre pautada pelas melhores refer\u00eancias gastron\u00f3micas, enol\u00f3gicas, culturais e l\u00fadicas da regi\u00e3o.<\/p>","protected":false},"excerpt":{"rendered":"<p>Um tour imersivo no melhor que Portugal tem para oferecer, conjugando o charme da oferta genu\u00edna de cada regi\u00e3o com o alto padr\u00e3o de conforto e sofistica\u00e7\u00e3o. Uma viagem que cruza tradi\u00e7\u00e3o, hist\u00f3ria, requinte e aventura, sempre pautada pelas melhores refer\u00eancias gastron\u00f3micas, enol\u00f3gicas, culturais e l\u00fadicas da regi\u00e3o.<\/p>","protected":false},"featured_media":1942,"parent":0,"comment_status":"open","ping_status":"closed","template":"","meta":{"_angie_page":false},"product_brand":[],"product_cat":[15],"product_tag":[],"local-de-partida":[],"tipo-de-carro":[],"class_list":{"0":"post-274","1":"product","2":"type-product","3":"status-publish","4":"has-post-thumbnail","6":"product_cat-sem-categoria","7":"tm-has-options","9":"first","10":"instock","11":"shipping-taxable","12":"purchasable","13":"product-type-simple"},"yoast_head":"<!-- This site is optimized with the Yoast SEO plugin v27.5 - https:\/\/yoast.com\/product\/yoast-seo-wordpress\/ -->\n<title>Alentejo Tides &amp; Trails - DRIVEXPLORE<\/title>\n<meta name=\"description\" content=\"Mar\u00e9s e Trilhos do Alentejo | Uma Viagem de Luxo Off-Road por Portugal\" \/>\n<meta name=\"robots\" content=\"index, follow, max-snippet:-1, max-image-preview:large, max-video-preview:-1\" \/>\n<link rel=\"canonical\" href=\"https:\/\/drivexplore.travel\/en\/product\/alentejo-tides-trails\/\" \/>\n<meta property=\"og:locale\" content=\"en_GB\" \/>\n<meta property=\"og:type\" content=\"article\" \/>\n<meta property=\"og:title\" content=\"Alentejo Tides &amp; Trails - DRIVEXPLORE\" \/>\n<meta property=\"og:description\" content=\"Mar\u00e9s e Trilhos do Alentejo | Uma Viagem de Luxo Off-Road por Portugal\" \/>\n<meta property=\"og:url\" content=\"https:\/\/drivexplore.travel\/en\/product\/alentejo-tides-trails\/\" \/>\n<meta property=\"og:site_name\" content=\"DRIVEXPLORE\" \/>\n<meta property=\"article:modified_time\" content=\"2026-04-30T09:19:30+00:00\" \/>\n<meta property=\"og:image\" content=\"https:\/\/drivexplore.travel\/wp-content\/uploads\/2023\/09\/comporta-praia-1024x493.png\" \/>\n\t<meta property=\"og:image:width\" content=\"1024\" \/>\n\t<meta property=\"og:image:height\" content=\"493\" \/>\n\t<meta property=\"og:image:type\" content=\"image\/png\" \/>\n<meta name=\"twitter:card\" content=\"summary_large_image\" \/>\n<meta name=\"twitter:label1\" content=\"Estimated reading time\" \/>\n\t<meta name=\"twitter:data1\" content=\"1 minute\" \/>\n<script type=\"application\/ld+json\" class=\"yoast-schema-graph\">{\"@context\":\"https:\\\/\\\/schema.org\",\"@graph\":[{\"@type\":\"WebPage\",\"@id\":\"https:\\\/\\\/drivexplore.travel\\\/produto\\\/alentejo-tides-trails\\\/\",\"url\":\"https:\\\/\\\/drivexplore.travel\\\/produto\\\/alentejo-tides-trails\\\/\",\"name\":\"Alentejo Tides & Trails - DRIVEXPLORE\",\"isPartOf\":{\"@id\":\"https:\\\/\\\/drivexplore.travel\\\/#website\"},\"primaryImageOfPage\":{\"@id\":\"https:\\\/\\\/drivexplore.travel\\\/produto\\\/alentejo-tides-trails\\\/#primaryimage\"},\"image\":{\"@id\":\"https:\\\/\\\/drivexplore.travel\\\/produto\\\/alentejo-tides-trails\\\/#primaryimage\"},\"thumbnailUrl\":\"https:\\\/\\\/drivexplore.travel\\\/wp-content\\\/uploads\\\/2023\\\/09\\\/comporta-praia.png\",\"datePublished\":\"2023-09-27T10:54:19+00:00\",\"dateModified\":\"2026-04-30T09:19:30+00:00\",\"description\":\"Mar\u00e9s e Trilhos do Alentejo | Uma Viagem de Luxo Off-Road por Portugal\",\"breadcrumb\":{\"@id\":\"https:\\\/\\\/drivexplore.travel\\\/produto\\\/alentejo-tides-trails\\\/#breadcrumb\"},\"inLanguage\":\"en-GB\",\"potentialAction\":[{\"@type\":\"ReadAction\",\"target\":[\"https:\\\/\\\/drivexplore.travel\\\/produto\\\/alentejo-tides-trails\\\/\"]}]},{\"@type\":\"ImageObject\",\"inLanguage\":\"en-GB\",\"@id\":\"https:\\\/\\\/drivexplore.travel\\\/produto\\\/alentejo-tides-trails\\\/#primaryimage\",\"url\":\"https:\\\/\\\/drivexplore.travel\\\/wp-content\\\/uploads\\\/2023\\\/09\\\/comporta-praia.png\",\"contentUrl\":\"https:\\\/\\\/drivexplore.travel\\\/wp-content\\\/uploads\\\/2023\\\/09\\\/comporta-praia.png\",\"width\":1826,\"height\":879,\"caption\":\"Praia da Comporta na expedi\u00e7\u00e3o Alentejo Tides & Trails da DRIVEXPLORE\"},{\"@type\":\"BreadcrumbList\",\"@id\":\"https:\\\/\\\/drivexplore.travel\\\/produto\\\/alentejo-tides-trails\\\/#breadcrumb\",\"itemListElement\":[{\"@type\":\"ListItem\",\"position\":1,\"name\":\"In\u00edcio\",\"item\":\"https:\\\/\\\/drivexplore.travel\\\/\"},{\"@type\":\"ListItem\",\"position\":2,\"name\":\"Loja\",\"item\":\"https:\\\/\\\/drivexplore.travel\\\/loja\\\/\"},{\"@type\":\"ListItem\",\"position\":3,\"name\":\"Alentejo Tides &#038; Trails\"}]},{\"@type\":\"WebSite\",\"@id\":\"https:\\\/\\\/drivexplore.travel\\\/#website\",\"url\":\"https:\\\/\\\/drivexplore.travel\\\/\",\"name\":\"DRIVEXPLORE\",\"description\":\"DRIVEXPLORE Luxury DMC Portugal\",\"publisher\":{\"@id\":\"https:\\\/\\\/drivexplore.travel\\\/#organization\"},\"potentialAction\":[{\"@type\":\"SearchAction\",\"target\":{\"@type\":\"EntryPoint\",\"urlTemplate\":\"https:\\\/\\\/drivexplore.travel\\\/?s={search_term_string}\"},\"query-input\":{\"@type\":\"PropertyValueSpecification\",\"valueRequired\":true,\"valueName\":\"search_term_string\"}}],\"inLanguage\":\"en-GB\"},{\"@type\":\"Organization\",\"@id\":\"https:\\\/\\\/drivexplore.travel\\\/#organization\",\"name\":\"DRIVEXPLORE by Newimage\",\"url\":\"https:\\\/\\\/drivexplore.travel\\\/\",\"logo\":{\"@type\":\"ImageObject\",\"inLanguage\":\"en-GB\",\"@id\":\"https:\\\/\\\/drivexplore.travel\\\/#\\\/schema\\\/logo\\\/image\\\/\",\"url\":\"https:\\\/\\\/drivexplore.travel\\\/wp-content\\\/uploads\\\/2025\\\/09\\\/DRIVEXPLORE-NEGATIVO-SEM-FUNDO-scaled-e1758108312809.png\",\"contentUrl\":\"https:\\\/\\\/drivexplore.travel\\\/wp-content\\\/uploads\\\/2025\\\/09\\\/DRIVEXPLORE-NEGATIVO-SEM-FUNDO-scaled-e1758108312809.png\",\"width\":2098,\"height\":468,\"caption\":\"DRIVEXPLORE by Newimage\"},\"image\":{\"@id\":\"https:\\\/\\\/drivexplore.travel\\\/#\\\/schema\\\/logo\\\/image\\\/\"}}]}<\/script>\n<!-- \/ Yoast SEO plugin. -->","yoast_head_json":{"title":"Alentejo Tides & Trails - DRIVEXPLORE","description":"Mar\u00e9s e Trilhos do Alentejo | Uma Viagem de Luxo Off-Road por Portugal","robots":{"index":"index","follow":"follow","max-snippet":"max-snippet:-1","max-image-preview":"max-image-preview:large","max-video-preview":"max-video-preview:-1"},"canonical":"https:\/\/drivexplore.travel\/en\/product\/alentejo-tides-trails\/","og_locale":"en_GB","og_type":"article","og_title":"Alentejo Tides & Trails - DRIVEXPLORE","og_description":"Mar\u00e9s e Trilhos do Alentejo | Uma Viagem de Luxo Off-Road por Portugal","og_url":"https:\/\/drivexplore.travel\/en\/product\/alentejo-tides-trails\/","og_site_name":"DRIVEXPLORE","article_modified_time":"2026-04-30T09:19:30+00:00","og_image":[{"width":1024,"height":493,"url":"https:\/\/drivexplore.travel\/wp-content\/uploads\/2023\/09\/comporta-praia-1024x493.png","type":"image\/png"}],"twitter_card":"summary_large_image","twitter_misc":{"Estimated reading time":"1 minute"},"schema":{"@context":"https:\/\/schema.org","@graph":[{"@type":"WebPage","@id":"https:\/\/drivexplore.travel\/produto\/alentejo-tides-trails\/","url":"https:\/\/drivexplore.travel\/produto\/alentejo-tides-trails\/","name":"Alentejo Tides & Trails - DRIVEXPLORE","isPartOf":{"@id":"https:\/\/drivexplore.travel\/#website"},"primaryImageOfPage":{"@id":"https:\/\/drivexplore.travel\/produto\/alentejo-tides-trails\/#primaryimage"},"image":{"@id":"https:\/\/drivexplore.travel\/produto\/alentejo-tides-trails\/#primaryimage"},"thumbnailUrl":"https:\/\/drivexplore.travel\/wp-content\/uploads\/2023\/09\/comporta-praia.png","datePublished":"2023-09-27T10:54:19+00:00","dateModified":"2026-04-30T09:19:30+00:00","description":"Mar\u00e9s e Trilhos do Alentejo | Uma Viagem de Luxo Off-Road por Portugal","breadcrumb":{"@id":"https:\/\/drivexplore.travel\/produto\/alentejo-tides-trails\/#breadcrumb"},"inLanguage":"en-GB","potentialAction":[{"@type":"ReadAction","target":["https:\/\/drivexplore.travel\/produto\/alentejo-tides-trails\/"]}]},{"@type":"ImageObject","inLanguage":"en-GB","@id":"https:\/\/drivexplore.travel\/produto\/alentejo-tides-trails\/#primaryimage","url":"https:\/\/drivexplore.travel\/wp-content\/uploads\/2023\/09\/comporta-praia.png","contentUrl":"https:\/\/drivexplore.travel\/wp-content\/uploads\/2023\/09\/comporta-praia.png","width":1826,"height":879,"caption":"Praia da Comporta na expedi\u00e7\u00e3o Alentejo Tides & Trails da DRIVEXPLORE"},{"@type":"BreadcrumbList","@id":"https:\/\/drivexplore.travel\/produto\/alentejo-tides-trails\/#breadcrumb","itemListElement":[{"@type":"ListItem","position":1,"name":"In\u00edcio","item":"https:\/\/drivexplore.travel\/"},{"@type":"ListItem","position":2,"name":"Loja","item":"https:\/\/drivexplore.travel\/loja\/"},{"@type":"ListItem","position":3,"name":"Alentejo Tides &#038; Trails"}]},{"@type":"WebSite","@id":"https:\/\/drivexplore.travel\/#website","url":"https:\/\/drivexplore.travel\/","name":"DRIVEXPLORE","description":"DRIVEXPLORE Luxury DMC Portugal","publisher":{"@id":"https:\/\/drivexplore.travel\/#organization"},"potentialAction":[{"@type":"SearchAction","target":{"@type":"EntryPoint","urlTemplate":"https:\/\/drivexplore.travel\/?s={search_term_string}"},"query-input":{"@type":"PropertyValueSpecification","valueRequired":true,"valueName":"search_term_string"}}],"inLanguage":"en-GB"},{"@type":"Organization","@id":"https:\/\/drivexplore.travel\/#organization","name":"DRIVEXPLORE by Newimage","url":"https:\/\/drivexplore.travel\/","logo":{"@type":"ImageObject","inLanguage":"en-GB","@id":"https:\/\/drivexplore.travel\/#\/schema\/logo\/image\/","url":"https:\/\/drivexplore.travel\/wp-content\/uploads\/2025\/09\/DRIVEXPLORE-NEGATIVO-SEM-FUNDO-scaled-e1758108312809.png","contentUrl":"https:\/\/drivexplore.travel\/wp-content\/uploads\/2025\/09\/DRIVEXPLORE-NEGATIVO-SEM-FUNDO-scaled-e1758108312809.png","width":2098,"height":468,"caption":"DRIVEXPLORE by Newimage"},"image":{"@id":"https:\/\/drivexplore.travel\/#\/schema\/logo\/image\/"}}]}},"_links":{"self":[{"href":"https:\/\/drivexplore.travel\/en\/wp-json\/wp\/v2\/product\/274","targetHints":{"allow":["GET"]}}],"collection":[{"href":"https:\/\/drivexplore.travel\/en\/wp-json\/wp\/v2\/product"}],"about":[{"href":"https:\/\/drivexplore.travel\/en\/wp-json\/wp\/v2\/types\/product"}],"replies":[{"embeddable":true,"href":"https:\/\/drivexplore.travel\/en\/wp-json\/wp\/v2\/comments?post=274"}],"version-history":[{"count":7,"href":"https:\/\/drivexplore.travel\/en\/wp-json\/wp\/v2\/product\/274\/revisions"}],"predecessor-version":[{"id":2571,"href":"https:\/\/drivexplore.travel\/en\/wp-json\/wp\/v2\/product\/274\/revisions\/2571"}],"wp:featuredmedia":[{"embeddable":true,"href":"https:\/\/drivexplore.travel\/en\/wp-json\/wp\/v2\/media\/1942"}],"wp:attachment":[{"href":"https:\/\/drivexplore.travel\/en\/wp-json\/wp\/v2\/media?parent=274"}],"wp:term":[{"taxonomy":"product_brand","embeddable":true,"href":"https:\/\/drivexplore.travel\/en\/wp-json\/wp\/v2\/product_brand?post=274"},{"taxonomy":"product_cat","embeddable":true,"href":"https:\/\/drivexplore.travel\/en\/wp-json\/wp\/v2\/product_cat?post=274"},{"taxonomy":"product_tag","embeddable":true,"href":"https:\/\/drivexplore.travel\/en\/wp-json\/wp\/v2\/product_tag?post=274"},{"taxonomy":"local-de-partida","embeddable":true,"href":"https:\/\/drivexplore.travel\/en\/wp-json\/wp\/v2\/local-de-partida?post=274"},{"taxonomy":"tipo-de-carro","embeddable":true,"href":"https:\/\/drivexplore.travel\/en\/wp-json\/wp\/v2\/tipo-de-carro?post=274"}],"curies":[{"name":"wp","href":"https:\/\/api.w.org\/{rel}","templated":true}]}}